{"id":71,"date":"2022-03-21T10:01:52","date_gmt":"2022-03-21T10:01:52","guid":{"rendered":"https:\/\/www.sgs-stoos.ch\/?page_id=71"},"modified":"2026-03-18T18:48:28","modified_gmt":"2026-03-18T17:48:28","slug":"fischen-im-see","status":"publish","type":"page","link":"https:\/\/www.sgs-stoos.ch\/?page_id=71","title":{"rendered":"Fischen im kleinen Bergsee"},"content":{"rendered":"\n<p>Ein H\u00f6hepunkt f\u00fcr Gross und Klein: Gemeinsam im Stoosseeli fischen und den Fisch zum Mittag- oder Abendessen nach Hause nehmen oder vor Ort an den vorhandenen Grillstellen selber zubereiten. Oder den bezahlten Fisch (ca. CHF 10.00) bequem im Gasthaus Bergsonne (\u00d6ffnungszeiten beachten),<br>f\u00fcr CHF 18.00\/ Person auf M\u00fcllerinnen Art inklusive Gem\u00fcse und Beilagen, zubereiten lassen.<\/p>\n\n\n\n<p>Im Stoosseeli setzt die Schifffahrtsgesellschaft jeden Fr\u00fchling Forellen aus. Zum Fischen braucht es kein Patent und es ist auch keine Anmeldung n\u00f6tig. Wer keine eigenen Angel-Utensilien dabei hat, kann diese an folgenden Stellen f\u00fcr CHF 10.00\/ Tag mieten:<br>Von Montag bis Freitag im Gasthaus Bergsonne (\u00d6ffnungszeiten beachten),<br>Samstag und Sonntag direkt beim Pavillon am Seeli (Fischereiaufsicht)<\/p>\n\n\n\n<blockquote class=\"wp-block-quote is-layout-flow wp-block-quote-is-layout-flow\">\n<p class=\"has-background\" style=\"background-color:#e3e9ed\"><strong>Offizielle Fischersaison Stoosseeli:\u00a0 Samstag, 16. Mai 2026 bis Samstag, 31. Oktober 2026<\/strong><\/p>\n<\/blockquote>\n\n\n\n<p><strong>Bezahlung der Fische<\/strong><br>Die Fische m\u00fcssen ganz gewogen werden. Preis: CHF 26.00\/ kg<br>Samstag und Sonntag: beim Pavillon am Stoos-Seeli (Fischereiaufsicht)<br>Von Montag bis Freitag: im Gasthaus Bergsonne, in der Sports-Bar oder bei Kurt&#8217;s Gelateria.<br>Es kann auch per TWINT bezahlt werden (Tafel beim Pavillon am Seeli beachten).<br>1 Fisch (ca. 400g) CHF 10.00 und ein grosser Fisch (ca. 2.5 Kg) CHF 60.00.<\/p>\n\n\n\n<p><strong>Infos zum Fischen<\/strong><br>Es darf nur mit Zapfen und Angel ohne Widerhaken gefischt werden (keine L\u00f6ffel oder Hegenen).<br>Samstag und Sonntag, Fischereiaufsicht am Seeli:<br>An den Wochenenden k\u00f6nnen die Fische zum Ausnehmen der Fischereiaufsicht abgegeben werden.<\/p>\n\n\n\n<p>Von Montag bis Freitag, keine Fischereiaufsicht am Seeli:<br>es werden keine Fische ausgenommen (muss jeder selber zu Hause tun).<br>Das Gel\u00e4nde ist in einwandfreiem Zustand zu verlassen. Die Schifffahrtsgesellschaft lehnt jegliche Haftung bei Unf\u00e4llen ab.<\/p>\n","protected":false},"excerpt":{"rendered":"<p>Ein H\u00f6hepunkt f\u00fcr Gross und Klein: Gemeinsam im Stoosseeli fischen und den Fisch zum Mittag- oder Abendessen nach Hause nehmen oder vor Ort an den vorhandenen Grillstellen selber zubereiten. Oder den bezahlten Fisch (ca. CHF 10.00) bequem im Gasthaus Bergsonne (\u00d6ffnungszeiten beachten),f\u00fcr CHF 18.00\/ Person auf M\u00fcllerinnen Art inklusive Gem\u00fcse und Beilagen, zubereiten lassen. Im Stoosseeli setzt die Schifffahrtsgesellschaft jeden Fr\u00fchling Forellen aus. Zum Fischen braucht es kein Patent und es ist auch keine Anmeldung n\u00f6tig. Wer keine eigenen Angel-Utensilien dabei hat, kann diese an folgenden Stellen f\u00fcr CHF 10.00\/ Tag mieten:Von Montag bis Freitag im Gasthaus Bergsonne (\u00d6ffnungszeiten beachten),Samstag und Sonntag direkt beim Pavillon am Seeli (Fischereiaufsicht) Offizielle Fischersaison Stoosseeli:\u00a0 Samstag, 16. Mai 2026 bis Samstag, 31. Oktober 2026 Bezahlung der FischeDie Fische m\u00fcssen ganz gewogen werden. Preis: CHF 26.00\/ kgSamstag und Sonntag: beim Pavillon am Stoos-Seeli (Fischereiaufsicht)Von Montag bis Freitag: im Gasthaus Bergsonne, in der Sports-Bar oder bei Kurt&#8217;s Gelateria.Es kann auch per TWINT bezahlt werden (Tafel beim Pavillon am Seeli beachten).1 Fisch (ca. 400g) CHF 10.00 und ein grosser Fisch (ca. 2.5 Kg) CHF 60.00. Infos zum FischenEs darf nur mit Zapfen und Angel ohne Widerhaken gefischt werden (keine L\u00f6ffel oder Hegenen).Samstag und Sonntag, Fischereiaufsicht am Seeli:An den Wochenenden k\u00f6nnen die Fische zum Ausnehmen der Fischereiaufsicht abgegeben werden. Von Montag bis Freitag, keine Fischereiaufsicht am Seeli:es werden keine Fische ausgenommen (muss jeder selber zu Hause tun).Das Gel\u00e4nde ist in einwandfreiem Zustand zu verlassen. Die Schifffahrtsgesellschaft lehnt jegliche Haftung bei Unf\u00e4llen ab.<\/p>\n","protected":false},"author":1,"featured_media":0,"parent":0,"menu_order":0,"comment_status":"closed","ping_status":"closed","template":"","meta":{"pgc_sgb_lightbox_settings":"","_EventAllDay":false,"_EventTimezone":"","_EventStartDate":"","_EventEndDate":"","_EventStartDateUTC":"","_EventEndDateUTC":"","_EventShowMap":false,"_EventShowMapLink":false,"_EventURL":"","_EventCost":"","_EventCostDescription":"","_EventCurrencySymbol":"","_EventCurrencyCode":"","_EventCurrencyPosition":"","_EventDateTimeSeparator":"","_EventTimeRangeSeparator":"","_EventOrganizerID":[],"_EventVenueID":[],"_OrganizerEmail":"","_OrganizerPhone":"","_OrganizerWebsite":"","_VenueAddress":"","_VenueCity":"","_VenueCountry":"","_VenueProvince":"","_VenueState":"","_VenueZip":"","_VenuePhone":"","_VenueURL":"","_VenueStateProvince":"","_VenueLat":"","_VenueLng":"","_VenueShowMap":false,"_VenueShowMapLink":false,"footnotes":""},"class_list":["post-71","page","type-page","status-publish","hentry"],"acf":[],"_links":{"self":[{"href":"https:\/\/www.sgs-stoos.ch\/index.php?rest_route=\/wp\/v2\/pages\/71","targetHints":{"allow":["GET"]}}],"collection":[{"href":"https:\/\/www.sgs-stoos.ch\/index.php?rest_route=\/wp\/v2\/pages"}],"about":[{"href":"https:\/\/www.sgs-stoos.ch\/index.php?rest_route=\/wp\/v2\/types\/page"}],"author":[{"embeddable":true,"href":"https:\/\/www.sgs-stoos.ch\/index.php?rest_route=\/wp\/v2\/users\/1"}],"replies":[{"embeddable":true,"href":"https:\/\/www.sgs-stoos.ch\/index.php?rest_route=%2Fwp%2Fv2%2Fcomments&post=71"}],"version-history":[{"count":25,"href":"https:\/\/www.sgs-stoos.ch\/index.php?rest_route=\/wp\/v2\/pages\/71\/revisions"}],"predecessor-version":[{"id":674,"href":"https:\/\/www.sgs-stoos.ch\/index.php?rest_route=\/wp\/v2\/pages\/71\/revisions\/674"}],"wp:attachment":[{"href":"https:\/\/www.sgs-stoos.ch\/index.php?rest_route=%2Fwp%2Fv2%2Fmedia&parent=71"}],"curies":[{"name":"wp","href":"https:\/\/api.w.org\/{rel}","templated":true}]}}