{"id":13,"date":"2022-03-20T10:23:56","date_gmt":"2022-03-20T10:23:56","guid":{"rendered":"https:\/\/www.sgs-stoos.ch\/?page_id=13"},"modified":"2022-03-23T15:14:50","modified_gmt":"2022-03-23T15:14:50","slug":"ahoi-grueezi-und-willkommen","status":"publish","type":"page","link":"https:\/\/www.sgs-stoos.ch\/","title":{"rendered":"Ahoi, Gr\u00fcezi und Willkommen!"},"content":{"rendered":"\n<div class=\"wp-block-image is-style-default\"><figure class=\"aligncenter size-full\"><img loading=\"lazy\" decoding=\"async\" width=\"800\" height=\"375\" src=\"https:\/\/www.sgs-stoos.ch\/wp-content\/uploads\/2022\/03\/gruender.jpeg\" alt=\"\" class=\"wp-image-291\" srcset=\"https:\/\/www.sgs-stoos.ch\/wp-content\/uploads\/2022\/03\/gruender.jpeg 800w, https:\/\/www.sgs-stoos.ch\/wp-content\/uploads\/2022\/03\/gruender-300x141.jpeg 300w, https:\/\/www.sgs-stoos.ch\/wp-content\/uploads\/2022\/03\/gruender-768x360.jpeg 768w\" sizes=\"auto, (max-width: 800px) 100vw, 800px\" \/><figcaption>Die beiden Gr\u00fcnder der Schifffahrtsgesellschaft Stoos \/ Bild: www.hotel-stoos.ch<\/figcaption><\/figure><\/div>\n\n\n\n<p>Die Schifffahrtsgesellschaft wurde am 01. April 2009 gegr\u00fcndet. Was damals als Aprilscherz begann, entwickelte sich bis heute zu einem&nbsp;Verein, der&nbsp;\u00fcber 190 Mitglieder z\u00e4hlt. Mit dem Ziel: Den Bergsee&nbsp;auf dem Stoos zu f\u00f6rdern, gemeinsames Fischen  und&nbsp;nat\u00fcrlich das geselliges&nbsp;Beisammensein der Vereinsmitglieder.<\/p>\n\n\n\n<p>Der Verein steht f\u00fcr die F\u00f6rderung und Bereicherung des Stoosseelis. Im Weiteren f\u00fcr gute Kameradschaft auf dem Stoos.<\/p>\n\n\n\n<p>Wenn Sie unseren Verein noch nicht kennen, w\u00fcrden wir uns freuen\u00a0von Ihnen zu lesen, oder kommen Sie einfach mal vorbei!<br><br>Bitte verwende f\u00fcr Mails unser <a href=\"https:\/\/www.sgs-stoos.ch\/?page_id=101\" data-type=\"page\" data-id=\"101\">Kontaktformular<\/a>.<\/p>\n\n\n\n<p>Wir freuen uns immer auf neue Gesichter!<\/p>\n\n\n\n<p>SGS Stoos<\/p>\n","protected":false},"excerpt":{"rendered":"<p>Die Schifffahrtsgesellschaft wurde am 01. April 2009 gegr\u00fcndet. Was damals als Aprilscherz begann, entwickelte sich bis heute zu einem&nbsp;Verein, der&nbsp;\u00fcber 190 Mitglieder z\u00e4hlt. Mit dem Ziel: Den Bergsee&nbsp;auf dem Stoos zu f\u00f6rdern, gemeinsames Fischen und&nbsp;nat\u00fcrlich das geselliges&nbsp;Beisammensein der Vereinsmitglieder. Der Verein steht f\u00fcr die F\u00f6rderung und Bereicherung des Stoosseelis. Im Weiteren f\u00fcr gute Kameradschaft auf dem Stoos. Wenn Sie unseren Verein noch nicht kennen, w\u00fcrden wir uns freuen\u00a0von Ihnen zu lesen, oder kommen Sie einfach mal vorbei! Bitte verwende f\u00fcr Mails unser Kontaktformular. Wir freuen uns immer auf neue Gesichter! SGS Stoos<\/p>\n","protected":false},"author":1,"featured_media":0,"parent":0,"menu_order":0,"comment_status":"closed","ping_status":"closed","template":"","meta":{"pgc_sgb_lightbox_settings":"","_EventAllDay":false,"_EventTimezone":"","_EventStartDate":"","_EventEndDate":"","_EventStartDateUTC":"","_EventEndDateUTC":"","_EventShowMap":false,"_EventShowMapLink":false,"_EventURL":"","_EventCost":"","_EventCostDescription":"","_EventCurrencySymbol":"","_EventCurrencyCode":"","_EventCurrencyPosition":"","_EventDateTimeSeparator":"","_EventTimeRangeSeparator":"","_EventOrganizerID":[],"_EventVenueID":[],"_OrganizerEmail":"","_OrganizerPhone":"","_OrganizerWebsite":"","_VenueAddress":"","_VenueCity":"","_VenueCountry":"","_VenueProvince":"","_VenueState":"","_VenueZip":"","_VenuePhone":"","_VenueURL":"","_VenueStateProvince":"","_VenueLat":"","_VenueLng":"","_VenueShowMap":false,"_VenueShowMapLink":false,"footnotes":""},"class_list":["post-13","page","type-page","status-publish","hentry"],"acf":[],"_links":{"self":[{"href":"https:\/\/www.sgs-stoos.ch\/index.php?rest_route=\/wp\/v2\/pages\/13","targetHints":{"allow":["GET"]}}],"collection":[{"href":"https:\/\/www.sgs-stoos.ch\/index.php?rest_route=\/wp\/v2\/pages"}],"about":[{"href":"https:\/\/www.sgs-stoos.ch\/index.php?rest_route=\/wp\/v2\/types\/page"}],"author":[{"embeddable":true,"href":"https:\/\/www.sgs-stoos.ch\/index.php?rest_route=\/wp\/v2\/users\/1"}],"replies":[{"embeddable":true,"href":"https:\/\/www.sgs-stoos.ch\/index.php?rest_route=%2Fwp%2Fv2%2Fcomments&post=13"}],"version-history":[{"count":16,"href":"https:\/\/www.sgs-stoos.ch\/index.php?rest_route=\/wp\/v2\/pages\/13\/revisions"}],"predecessor-version":[{"id":397,"href":"https:\/\/www.sgs-stoos.ch\/index.php?rest_route=\/wp\/v2\/pages\/13\/revisions\/397"}],"wp:attachment":[{"href":"https:\/\/www.sgs-stoos.ch\/index.php?rest_route=%2Fwp%2Fv2%2Fmedia&parent=13"}],"curies":[{"name":"wp","href":"https:\/\/api.w.org\/{rel}","templated":true}]}}